{"id":98,"date":"2019-04-18T19:17:27","date_gmt":"2019-04-18T19:17:27","guid":{"rendered":"http:\/\/blog.tsvraunheim.de\/?page_id=98"},"modified":"2020-08-26T16:55:14","modified_gmt":"2020-08-26T14:55:14","slug":"tennis","status":"publish","type":"page","link":"https:\/\/tsvraunheim.de\/?page_id=98","title":{"rendered":"Tennis"},"content":{"rendered":"<div>\n<h4>Ansprechpartner:\u00a0 Peter G\u00f6ttmann<\/h4>\n<h4>Tel. 06142-42238<\/h4>\n<h4>Mail: pgcompany@yahoo.de<\/h4>\n<p>Trainings- &amp; Clubabend<\/p>\n<p>Der Donnerstag ist unser Trainingsabend mit gem\u00fctlichen Beisammensein f\u00fcr alle Mitglieder. Daher sind Donnerstag ab 18:00Uhr keine Einzelbelegungen m\u00f6glich.<\/p>\n<p>Die Trainingszeit:<\/p>\n<p>18:00 &#8211; 20:00 Uhr<\/p>\n<p>Ab September beginnt das Training wegen der fr\u00fcher einsetzenden Dunkelheit bereits um 17:00 Uhr.<br \/>\nUnser Club-Abend bietet sich auch als Schnupper-Abend an,um Interessierte und neue Mitglieder mitzubringen und f\u00fcr den Tennissport zu begeistern.<\/p>\n<p>&#8220;Alte&#8221; Herren<\/p>\n<p>Donnerstags spielen die jung gebliebenen Tennis-Senioren von 10:00 &#8211; 13:00 Uhr auf der Anlage Doppel &amp; Einzel.<\/p>\n<\/div>\n","protected":false},"excerpt":{"rendered":"<p>Ansprechpartner:\u00a0 Peter G\u00f6ttmann Tel. 06142-42238 Mail: pgcompany@yahoo.de Trainings- &amp; Clubabend Der Donnerstag ist unser Trainingsabend mit gem\u00fctlichen Beisammensein f\u00fcr alle Mitglieder. Daher sind Donnerstag ab 18:00Uhr keine Einzelbelegungen m\u00f6glich. Die Trainingszeit: 18:00 &#8211; 20:00 Uhr Ab September beginnt das Training wegen der fr\u00fcher einsetzenden Dunkelheit bereits um 17:00 Uhr. Unser Club-Abend bietet sich auch als &hellip; <\/p>\n<p class=\"link-more\"><a href=\"https:\/\/tsvraunheim.de\/?page_id=98\" class=\"more-link\"><span class=\"screen-reader-text\">\u201eTennis\u201c <\/span>weiterlesen<\/a><\/p>\n","protected":false},"author":1,"featured_media":0,"parent":0,"menu_order":0,"comment_status":"closed","ping_status":"closed","template":"","meta":{"footnotes":""},"class_list":["post-98","page","type-page","status-publish","hentry"],"_links":{"self":[{"href":"https:\/\/tsvraunheim.de\/index.php?rest_route=\/wp\/v2\/pages\/98","targetHints":{"allow":["GET"]}}],"collection":[{"href":"https:\/\/tsvraunheim.de\/index.php?rest_route=\/wp\/v2\/pages"}],"about":[{"href":"https:\/\/tsvraunheim.de\/index.php?rest_route=\/wp\/v2\/types\/page"}],"author":[{"embeddable":true,"href":"https:\/\/tsvraunheim.de\/index.php?rest_route=\/wp\/v2\/users\/1"}],"replies":[{"embeddable":true,"href":"https:\/\/tsvraunheim.de\/index.php?rest_route=%2Fwp%2Fv2%2Fcomments&post=98"}],"version-history":[{"count":2,"href":"https:\/\/tsvraunheim.de\/index.php?rest_route=\/wp\/v2\/pages\/98\/revisions"}],"predecessor-version":[{"id":366,"href":"https:\/\/tsvraunheim.de\/index.php?rest_route=\/wp\/v2\/pages\/98\/revisions\/366"}],"wp:attachment":[{"href":"https:\/\/tsvraunheim.de\/index.php?rest_route=%2Fwp%2Fv2%2Fmedia&parent=98"}],"curies":[{"name":"wp","href":"https:\/\/api.w.org\/{rel}","templated":true}]}}