{"id":90,"date":"2019-04-18T19:14:13","date_gmt":"2019-04-18T19:14:13","guid":{"rendered":"http:\/\/blog.tsvraunheim.de\/?page_id=90"},"modified":"2023-09-29T13:31:00","modified_gmt":"2023-09-29T11:31:00","slug":"highlander","status":"publish","type":"page","link":"https:\/\/tsvraunheim.de\/?page_id=90","title":{"rendered":"Highlander"},"content":{"rendered":"<div>\n<h1>Highlander<\/h1>\n<p>Es kann nur einen geben \u2013 so sagt man \u00fcber Highlander seit dem Film mit Christopher Lambert. Bei uns gibt es viele, und wie in den Highlands kann man bei uns die original schottischen Disziplinen trainieren und sich auf Turnieren mit den Highlandern anderer Clans messen. Nat\u00fcrlich im Kilt, wie der Schottenrock korrekt hei\u00dft.<\/p>\n<\/div>\n\n\n<figure class=\"wp-block-image\"><img loading=\"lazy\" decoding=\"async\" width=\"444\" height=\"333\" src=\"https:\/\/tsvraunheim.de\/wp-content\/uploads\/2019\/05\/Highlander1.jpg\" alt=\"\" class=\"wp-image-155\" srcset=\"https:\/\/tsvraunheim.de\/wp-content\/uploads\/2019\/05\/Highlander1.jpg 444w, https:\/\/tsvraunheim.de\/wp-content\/uploads\/2019\/05\/Highlander1-300x225.jpg 300w\" sizes=\"auto, (max-width: 444px) 100vw, 444px\" \/><\/figure>\n\n\n<p>Du willst einen Baumstamm zum \u00dcberschlag bringen? Du willst mit Gewichten, Strohs\u00e4cken oder Steinen werfen? Ob hoch oder weit, bei uns lernst Du, wie es geht. Wir haben ein eigenes Gel\u00e4nde in der N\u00e4he vom Bahnhof, auf dem wir alle Turnierdisziplinen trainieren k\u00f6nnen.<\/p>\n<p>Mitmachen kann jeder ab 16, M\u00e4nner und Frauen. Nat\u00fcrlich schadet es nicht, wenn Du schon Krafttraining gemacht hast, aber noch wichtiger ist die richtige Technik. Daher musst Du kein \u201eMuskelpaket\u201c sein, um auf Turnieren erfolgreich zu sein.<\/p>\n<p>Schau doch ganz unverbindlich zu einem Probetraining bei uns vorbei. Bitte melde Dich vorher an, wenn wir auf Turnieren sind f\u00e4llt das Training schon mal aus.<\/p>\n<p>Bei Interesse meldet Euch bei:\u00a0 oliverleonetti@t-online.de<\/p>\n<table style=\"height: 14px;\" width=\"5\">\n<tbody>\n<tr>\n<td width=\"201\">\u00a0<\/td>\n<td width=\"201\">\u00a0<\/td>\n<td width=\"201\">\u00a0<\/td>\n<\/tr>\n<tr>\n<td width=\"201\">\u00a0<\/td>\n<td width=\"201\">\u00a0<\/td>\n<td width=\"201\">\u00a0<\/td>\n<\/tr>\n<\/tbody>\n<\/table>\n<p>\u00a0<\/p>\n\n\n<figure class=\"wp-block-image\"><img loading=\"lazy\" decoding=\"async\" width=\"678\" height=\"1024\" src=\"https:\/\/tsvraunheim.de\/wp-content\/uploads\/2019\/05\/Highlander2-678x1024.jpg\" alt=\"\" class=\"wp-image-156\" srcset=\"https:\/\/tsvraunheim.de\/wp-content\/uploads\/2019\/05\/Highlander2-678x1024.jpg 678w, https:\/\/tsvraunheim.de\/wp-content\/uploads\/2019\/05\/Highlander2-199x300.jpg 199w, https:\/\/tsvraunheim.de\/wp-content\/uploads\/2019\/05\/Highlander2-768x1160.jpg 768w, https:\/\/tsvraunheim.de\/wp-content\/uploads\/2019\/05\/Highlander2.jpg 816w\" sizes=\"auto, (max-width: 678px) 100vw, 678px\" \/><\/figure>\n\n\n<h1>Besuchen Sie unsere Highlander-Abteilung auch auf ihrer eigenen <a title=\"Hier klicken!\" href=\"http:\/\/www.tsv-highlander.de\/\" rel=\"alternate\">Webseite<\/a>!<\/h1>","protected":false},"excerpt":{"rendered":"<p>Highlander Es kann nur einen geben \u2013 so sagt man \u00fcber Highlander seit dem Film mit Christopher Lambert. Bei uns gibt es viele, und wie in den Highlands kann man bei uns die original schottischen Disziplinen trainieren und sich auf Turnieren mit den Highlandern anderer Clans messen. Nat\u00fcrlich im Kilt, wie der Schottenrock korrekt hei\u00dft. &hellip; <\/p>\n<p class=\"link-more\"><a href=\"https:\/\/tsvraunheim.de\/?page_id=90\" class=\"more-link\"><span class=\"screen-reader-text\">\u201eHighlander\u201c <\/span>weiterlesen<\/a><\/p>\n","protected":false},"author":1,"featured_media":0,"parent":0,"menu_order":0,"comment_status":"closed","ping_status":"closed","template":"","meta":{"footnotes":""},"class_list":["post-90","page","type-page","status-publish","hentry"],"_links":{"self":[{"href":"https:\/\/tsvraunheim.de\/index.php?rest_route=\/wp\/v2\/pages\/90","targetHints":{"allow":["GET"]}}],"collection":[{"href":"https:\/\/tsvraunheim.de\/index.php?rest_route=\/wp\/v2\/pages"}],"about":[{"href":"https:\/\/tsvraunheim.de\/index.php?rest_route=\/wp\/v2\/types\/page"}],"author":[{"embeddable":true,"href":"https:\/\/tsvraunheim.de\/index.php?rest_route=\/wp\/v2\/users\/1"}],"replies":[{"embeddable":true,"href":"https:\/\/tsvraunheim.de\/index.php?rest_route=%2Fwp%2Fv2%2Fcomments&post=90"}],"version-history":[{"count":6,"href":"https:\/\/tsvraunheim.de\/index.php?rest_route=\/wp\/v2\/pages\/90\/revisions"}],"predecessor-version":[{"id":845,"href":"https:\/\/tsvraunheim.de\/index.php?rest_route=\/wp\/v2\/pages\/90\/revisions\/845"}],"wp:attachment":[{"href":"https:\/\/tsvraunheim.de\/index.php?rest_route=%2Fwp%2Fv2%2Fmedia&parent=90"}],"curies":[{"name":"wp","href":"https:\/\/api.w.org\/{rel}","templated":true}]}}