{"id":84,"date":"2019-04-18T19:09:13","date_gmt":"2019-04-18T19:09:13","guid":{"rendered":"http:\/\/blog.tsvraunheim.de\/?page_id=84"},"modified":"2026-03-11T13:58:09","modified_gmt":"2026-03-11T12:58:09","slug":"carneval-ccr","status":"publish","type":"page","link":"https:\/\/tsvraunheim.de\/?page_id=84","title":{"rendered":"Carneval CCR"},"content":{"rendered":"<div id=\"ct-body\">\n<div id=\"ct-main\" class=\"ct-main-1200\">\n<div id=\"rt-transition\">\n<div id=\"rt-mainbody-surround\">\n<div id=\"rt-utility\">\n<div class=\"rt-container\">\n<div class=\"rt-grid-12 rt-alpha rt-omega\">\n<div class=\"rt-block \">\n<div class=\"module-surround\">\n<div class=\"module-content\"><\/div>\n<\/div>\n<\/div>\n<\/div>\n<h1 style=\"text-align: center;\"><span style=\"color: #ff0000;\"><strong><img loading=\"lazy\" decoding=\"async\" class=\"alignnone size-medium wp-image-1267\" src=\"https:\/\/tsvraunheim.de\/wp-content\/uploads\/2026\/03\/Gruppenfoto-Buehne-300x218.jpg\" alt=\"\" width=\"300\" height=\"218\" srcset=\"https:\/\/tsvraunheim.de\/wp-content\/uploads\/2026\/03\/Gruppenfoto-Buehne-300x218.jpg 300w, https:\/\/tsvraunheim.de\/wp-content\/uploads\/2026\/03\/Gruppenfoto-Buehne-1024x745.jpg 1024w, https:\/\/tsvraunheim.de\/wp-content\/uploads\/2026\/03\/Gruppenfoto-Buehne-768x559.jpg 768w, https:\/\/tsvraunheim.de\/wp-content\/uploads\/2026\/03\/Gruppenfoto-Buehne.jpg 1170w\" sizes=\"auto, (max-width: 300px) 100vw, 300px\" \/><\/strong><\/span><\/h1>\n<h1 style=\"text-align: center;\"><span style=\"color: #ff0000;\"><strong>Die Kampagnentermine 2026\/2027 stehen fest<br \/>\n<\/strong><\/span><\/h1>\n<h1 style=\"text-align: center;\"><span style=\"color: #ff0000;\"><strong>Kampagnenmotto: <\/strong><\/span><\/h1>\n<h1 style=\"text-align: center;\"><b>Jahrmarkt\u00a0<\/b><\/h1>\n<h1 style=\"text-align: center;\"><a href=\"https:\/\/www.instagram.com\/carnevalclubraunheim\/\">Folgt uns auf Instagram! <\/a><\/h1>\n<h1 style=\"text-align: center;\"><a href=\"https:\/\/www.instagram.com\/carnevalclubraunheim\/\">Dort findet ihr immer sehenswerte Beitr\u00e4ge!<\/a><\/h1>\n<p><img decoding=\"async\" class=\"gndfcl4n p357zi0d ppled2lx ac2vgrno gfz4du6o r7fjleex g0rxnol2 ln8gz9je b9fczbqn _11JPr\" tabindex=\"0\" draggable=\"true\" src=\"blob:https:\/\/web.whatsapp.com\/c7162bd1-6d1d-4925-baf6-3de0d765dbef\" alt=\"\" crossorigin=\"anonymous\" \/><\/p>\n<\/div>\n<\/div>\n<\/div>\n<div><\/div>\n<div id=\"rt-mainbody-surround\">\n<div id=\"rt-utility\">\n<div class=\"rt-container\">\n<div class=\"rt-grid-12 rt-alpha rt-omega\">\n<div class=\"rt-block \">\n<div class=\"module-surround\">\n<div class=\"module-content\">\n<p><strong>\u00a0<\/strong><\/p>\n<p><strong>Veranstaltungskalender:<br \/>\n<\/strong><\/p>\n<\/div>\n<\/div>\n<\/div>\n<\/div>\n<\/div>\n<\/div>\n<div id=\"ct-mainbody\">\n<div class=\"rt-container\">\n<div id=\"rt-main\" class=\"mb9-sa3\">\n<div class=\"rt-container\">\n<div class=\"rt-grid-9 \">\n<div class=\"rt-block\">\n<div id=\"rt-mainbody\">\n<div class=\"component-content\">\n<article class=\"item-page\">\n<div>\n<table style=\"height: 362px;\" border=\"2\" width=\"678\">\n<tbody>\n<tr>\n<td width=\"241\"><strong>Veranstaltung<\/strong><\/td>\n<td width=\"246\"><strong>Datum\/Uhrzeit<\/strong><\/td>\n<td width=\"246\"><strong>Ort<\/strong><\/td>\n<\/tr>\n<tr>\n<td width=\"241\">Generalprobe<\/td>\n<td width=\"246\">noch offen<\/td>\n<td width=\"246\">Heinrich Press Halle<\/td>\n<\/tr>\n<tr>\n<td width=\"241\">Ball der Senatoren<\/td>\n<td width=\"246\">Sa. 16.01.2027\u00a0 20:11 Uhr (Einlass 19:11 Uhr)<\/td>\n<td width=\"246\">Heinrich Press Halle<\/td>\n<\/tr>\n<tr>\n<td width=\"241\"><\/td>\n<td width=\"246\"><\/td>\n<td width=\"246\"><\/td>\n<\/tr>\n<tr>\n<td width=\"241\">Rathaussturm<\/td>\n<td width=\"246\">noch offen<\/td>\n<td width=\"246\">Rathausplatz<\/td>\n<\/tr>\n<tr>\n<td width=\"241\">1. Sitzung<\/td>\n<td width=\"246\">Sa. 30.01.2027 19:11 Uhr (Einlass 18:11 Uhr)<\/td>\n<td width=\"246\">Heinrich Press Halle<\/td>\n<\/tr>\n<tr>\n<td width=\"241\">2. Sitzung<\/td>\n<td width=\"246\">Sa. 06.02.2027 19:11 Uhr (Einlass 18:11 Uhr)<\/td>\n<td width=\"246\">Heinrich Press Halle<\/td>\n<\/tr>\n<tr>\n<td width=\"241\">Kindermaskenball<\/td>\n<td width=\"246\">Di. 09.02.2027 15:11 Uhr<\/td>\n<td width=\"246\">Heinrich Press Halle<\/td>\n<\/tr>\n<\/tbody>\n<\/table>\n<p>Veranstaltungsort: TSV Raunheim\u00a0<a title=\"Anfahrt\" href=\"https:\/\/tsvraunheim.de\/index.php\/ueber-uns\/anfahrt\" rel=\"alternate\">Heinrich Press Halle(HPH)<\/a><\/p>\n<p>Jedes Jahr bieten wir mitrei\u00dfende B\u00fcttenreden, T\u00e4nze und Musik an den Raunheimer Fastnachtssitzungen dar.<\/p>\n<p>Unser gemeinsames Ziel: Mit unserem Humor und unserer Leidenschaft wollen wir dem Publikum und unseren Aktiven nicht nur ein L\u00e4cheln, sondern vielleicht sogar ein begeistertes Lachen auf das Gesicht zaubern.<\/p>\n<\/div>\n<p><strong>Wer kann mitmachen?<\/strong><\/p>\n<p>Mitmachen kann bei uns jeder der Spa\u00df am Tanzen, der Fastnacht oder dem Musikmachen hat! Erfahrungen sind daf\u00fcr nicht notwendig.<\/p>\n<p>Gerne kannst du zu einem Probetraining vorbeikommen!<\/p>\n<p><strong>Welche Gruppen gibt es?<\/strong><\/p>\n<p>Die Garde des CCR besteht aus vielen Tanzgruppen und dem Musikcorps.<\/p>\n<ul>\n<li>Minis: 4 \u2013 6 Jahre (Showtanz)<\/li>\n<li>Kinderballett: 6 \u2013 11 Jahre (Garde und Showtanz)<\/li>\n<li>Teenagerballett: 12 \u2013 18 Jahre (Garde und Showtanz)<\/li>\n<li>Hofballett: 18 \u2013 99 Jahre (Garde und Showtanz)<\/li>\n<li>Damenballett: 18 &#8211; 99 Jahren ( Show \/ Spa\u00dftanz )<\/li>\n<li>M\u00e4nnerballett: 18- 99 (Show \/ Spa\u00dftanz )<\/li>\n<li>Musikcorps: ab 12 Jahren (Trommeln)<\/li>\n<\/ul>\n<p>Weitere Gruppen:<\/p>\n<ul>\n<li>Das Gremium: Organisation<\/li>\n<li>Redner: B\u00fcttenreden<\/li>\n<li>Die Raunheimer Welle: Musik und Gesang (pausiert derzeit)<\/li>\n<\/ul>\n<p><strong>Trainingszeiten:<\/strong><\/p>\n<table style=\"height: 546px;\" width=\"670\">\n<tbody>\n<tr>\n<td width=\"201\"><strong>Welche Gruppe?<\/strong><\/td>\n<td width=\"261\"><strong>Tag &amp; Uhrzeit<\/strong><\/td>\n<td width=\"141\"><strong>Ort<\/strong><\/td>\n<\/tr>\n<tr>\n<td width=\"201\">Minis <span class=\"ContentPasted0\">\u00a0<\/span><\/td>\n<td width=\"261\">Donnerstags, 17:30 \u2013 18:15<\/td>\n<td width=\"141\">HPH<\/td>\n<\/tr>\n<tr>\n<td width=\"201\">Kinderballett<\/td>\n<td width=\"261\">Donnerstags, 18:15\u2013 19:00<\/td>\n<td width=\"141\">HPH<\/td>\n<\/tr>\n<tr>\n<td width=\"201\">Teenagerballett<\/td>\n<td width=\"261\">Donnerstags, 19:00 \u2013 20:00<\/td>\n<td width=\"141\">HPH<\/td>\n<\/tr>\n<tr>\n<td width=\"201\">Hofballett<span class=\"ContentPasted0\">\u00a0 \u00a0<\/span><\/td>\n<td width=\"261\">Dienstags, 20:00 \u2013 22:00<\/td>\n<td width=\"141\">HPH<\/td>\n<\/tr>\n<tr>\n<td width=\"201\">Musikcorps<\/td>\n<td width=\"261\">Mittwochs, 18:00 \u2013 19:00<\/td>\n<td width=\"141\">HPH<\/td>\n<\/tr>\n<tr>\n<td width=\"201\">M\u00e4nnerballett <span class=\"ContentPasted0\">\u00a0<\/span><\/td>\n<td width=\"261\">Montags, 20:15 bis 22:00<\/td>\n<td width=\"141\">HPH<\/td>\n<\/tr>\n<tr>\n<td width=\"201\">Damenballett<\/td>\n<td width=\"261\">\u00a0Dienstag 20:00 bis 21:00<\/td>\n<td width=\"141\">Anne-Frank-Schule<\/td>\n<\/tr>\n<\/tbody>\n<\/table>\n<p><strong>Ansprechpartner \/ Kontakt:<\/strong><\/p>\n<p><strong>Tel. \/ Email<\/strong><\/p>\n<p><strong>Allgemeine Fragen &amp; Nachrichten:<\/strong><\/p>\n<p><em> <a href=\"mailto:CCR.Raunheim@web.de\">Abteilungsleitung Sarina Walloschek +49 171 1471619 CCR.Raunheim@web.de<\/a><\/em><\/p>\n<p><strong>Ansprechpartner f\u00fcr die Garde Gruppen:<\/strong> Antje Backhaus<\/p>\n<p><em>Antje-backhaus@web.de, +49 178 3661982<\/em><\/p>\n<p><strong>Ansprechpartner der einzelnen Gruppen:<\/strong><\/p>\n<p><em>Minis + Kinder + Teenageballett und Damenballett<\/em>:<\/p>\n<p><em> Melina Hoffmann \/ <a href=\"mailto:melina.hoffman@outlook.de\">melina.hoffmann@outlook.de<\/a> \/ +49 151 56074316<\/em><\/p>\n<p><em>Hofballet<\/em>t: \u00a0Jessica Leismann<\/p>\n<p><em><a href=\"mailto:Jleismann@students.uni-mainz.de\">Jleismann@students.uni-mainz.de<\/a> \/ +49 152 37619800<\/em><\/p>\n<p><em>Musikcorps:<\/em><\/p>\n<p><em>Thomas B\u00e4r<\/em><\/p>\n<p>+49 176 57745607<\/p>\n<p>M\u00e4nnerballett Bad Stage Boys<\/p>\n<p>Luisa Hoffmann +49 1515 6049790 und Natascha Nusch +49 1515 6040198<\/p>\n<p>badstageboys@outlook.de<\/p>\n<p><strong>Narrenspiegel:<\/strong> Bei Interesse an Anzeigen o.\u00e4. k\u00f6nnen Sie sich auch gerne bei unserer Narrenspiegel-Redaktion melden:<\/p>\n<p>Manuela Klee \/ ccr.narrenspiegel@gmail.com \/ +491511 0522471<\/p>\n<\/article>\n<\/div>\n<\/div>\n<\/div>\n<\/div>\n<\/div>\n<\/div>\n<\/div>\n<\/div>\n<\/div>\n<\/div>\n<\/div>\n<\/div>\n","protected":false},"excerpt":{"rendered":"<p>Die Kampagnentermine 2026\/2027 stehen fest Kampagnenmotto: Jahrmarkt\u00a0 Folgt uns auf Instagram! Dort findet ihr immer sehenswerte Beitr\u00e4ge! \u00a0 Veranstaltungskalender: Veranstaltung Datum\/Uhrzeit Ort Generalprobe noch offen Heinrich Press Halle Ball der Senatoren Sa. 16.01.2027\u00a0 20:11 Uhr (Einlass 19:11 Uhr) Heinrich Press Halle Rathaussturm noch offen Rathausplatz 1. Sitzung Sa. 30.01.2027 19:11 Uhr (Einlass 18:11 Uhr) Heinrich &hellip; <\/p>\n<p class=\"link-more\"><a href=\"https:\/\/tsvraunheim.de\/?page_id=84\" class=\"more-link\"><span class=\"screen-reader-text\">\u201eCarneval CCR\u201c <\/span>weiterlesen<\/a><\/p>\n","protected":false},"author":1,"featured_media":0,"parent":0,"menu_order":0,"comment_status":"closed","ping_status":"closed","template":"","meta":{"footnotes":""},"class_list":["post-84","page","type-page","status-publish","hentry"],"_links":{"self":[{"href":"https:\/\/tsvraunheim.de\/index.php?rest_route=\/wp\/v2\/pages\/84","targetHints":{"allow":["GET"]}}],"collection":[{"href":"https:\/\/tsvraunheim.de\/index.php?rest_route=\/wp\/v2\/pages"}],"about":[{"href":"https:\/\/tsvraunheim.de\/index.php?rest_route=\/wp\/v2\/types\/page"}],"author":[{"embeddable":true,"href":"https:\/\/tsvraunheim.de\/index.php?rest_route=\/wp\/v2\/users\/1"}],"replies":[{"embeddable":true,"href":"https:\/\/tsvraunheim.de\/index.php?rest_route=%2Fwp%2Fv2%2Fcomments&post=84"}],"version-history":[{"count":47,"href":"https:\/\/tsvraunheim.de\/index.php?rest_route=\/wp\/v2\/pages\/84\/revisions"}],"predecessor-version":[{"id":1270,"href":"https:\/\/tsvraunheim.de\/index.php?rest_route=\/wp\/v2\/pages\/84\/revisions\/1270"}],"wp:attachment":[{"href":"https:\/\/tsvraunheim.de\/index.php?rest_route=%2Fwp%2Fv2%2Fmedia&parent=84"}],"curies":[{"name":"wp","href":"https:\/\/api.w.org\/{rel}","templated":true}]}}