{"id":82,"date":"2019-04-18T19:06:59","date_gmt":"2019-04-18T19:06:59","guid":{"rendered":"http:\/\/blog.tsvraunheim.de\/?page_id=82"},"modified":"2024-09-06T14:54:42","modified_gmt":"2024-09-06T12:54:42","slug":"badminton","status":"publish","type":"page","link":"https:\/\/tsvraunheim.de\/?page_id=82","title":{"rendered":"Badminton"},"content":{"rendered":"<h1>Unsere Badminton-Abteilung<\/h1>\n<p>Die Badmintonabteilung des TSV Raunheim ist im Bezirk Wiesbaden angesiedelt.<\/p>\n<p>Schon seit \u00fcber 30 Jahren wird der Federballsport bei uns mit gro\u00dfer Begeisterung betrieben.<\/p>\n<p>Unsere Abteilung umfasst derzeit circa 100 Mitglieder und bietet sowohl gestandenen Mannschaftsspielern unter professioneller Anleitung, als auch Hobbyspielern von klein auf die M\u00f6glichkeit am Trainingsbetrieb teilzunehmen, um den Badmintonsport nach eigenen Vorstellungen und Anspr\u00fcchen auszu\u00fcben.<\/p>\n<p>Bei uns ist\u00a0 jeder herzlich willkommen!<\/p>\n<p>Weiter Infos gibt es bei Abteilungsleiter Maurizio Lukas:<\/p>\n<p>Tel. 0176\/55585729<\/p>\n<section class=\"elementor-element elementor-element-6be88eb elementor-section-boxed elementor-section-height-default elementor-section-height-default elementor-section elementor-top-section\" data-id=\"6be88eb\" data-element_type=\"section\">\n<div class=\"elementor-container elementor-column-gap-default\">\n<div class=\"elementor-row\">\n<div class=\"elementor-element elementor-element-df4b680 elementor-column elementor-col-100 elementor-top-column\" data-id=\"df4b680\" data-element_type=\"column\">\n<div class=\"elementor-column-wrap elementor-element-populated\">\n<div class=\"elementor-widget-wrap\">\n<div class=\"elementor-element elementor-element-205de22 elementor-widget elementor-widget-heading\" data-id=\"205de22\" data-element_type=\"heading.default\">\n<div class=\"elementor-widget-container\">\n<p class=\"elementor-heading-title elementor-size-large\" style=\"text-align: left;\"><strong><span style=\"font-size: revert;\">Unser Training findet in Halle B der Anne-Frank-Schule statt:<\/span><\/strong><\/p>\n<\/div>\n<\/div>\n<\/div>\n<\/div>\n<\/div>\n<\/div>\n<\/div>\n<\/section>\n<div class=\"elementor-element elementor-element-159a2f2b elementor-position-left elementor-view-default elementor-vertical-align-top elementor-widget elementor-widget-icon-box\" data-id=\"159a2f2b\" data-element_type=\"icon-box.default\">\n<div class=\"elementor-widget-container\">\n<div class=\"elementor-icon-box-wrapper\">\n<div class=\"elementor-icon-box-content\">\n<h2 class=\"elementor-icon-box-title\" style=\"text-align: left;\"><em>Kindertraining<\/em><\/h2>\n<p class=\"elementor-icon-box-title\" style=\"text-align: left;\">Trainerin: Asifa Mubashar (Trainerassistentin: Angelie Bhatti)<\/p>\n<p class=\"elementor-icon-box-description\">Mittwoch\u00a0 \u00a0 \u00a0 \u00a0 \u00a0 \u00a0 \u00a018:00 &#8211; 20:00 Uhr<\/p>\n<p class=\"elementor-icon-box-description\">Freitag\u00a0 \u00a0 \u00a0 \u00a0 \u00a0 \u00a0 \u00a0 \u00a0 \u00a0 \u00a017:00 &#8211; 19.00 Uhr<\/p>\n<p class=\"elementor-icon-box-description\">Samstag Training nach Absprache<\/p>\n<h3 class=\"elementor-icon-box-title\"><em>Jugendtraining\/Fortgeschrittene\u00a0 \u00a0 \u00a0 \u00a0 \u00a0Freies Spiel<\/em><\/h3>\n<p class=\"elementor-icon-box-title\">Trainer: Adil Bhatti (Trainerassistentin: Angelie Bhatti)<\/p>\n<p class=\"elementor-icon-box-description\">Montag\u00a0 \u00a0 \u00a0 \u00a0 \u00a0 \u00a0 \u00a0 \u00a0 \u00a0 \u00a0 \u00a0 \u00a0 \u00a0 \u00a0 \u00a0 \u00a0 \u00a0 \u00a0 \u00a0 \u00a0 \u00a0 \u00a0 \u00a0 \u00a0 \u00a0 \u00a0 \u00a0 \u00a0 \u00a0 \u00a0 \u00a0 \u00a0 \u00a0 \u00a0 \u00a0 \u00a0 \u00a0 \u00a0 \u00a0 \u00a0 \u00a0 \u00a0 \u00a0 \u00a0ab 20:00 Uhr\u00a0 \u00a0<\/p>\n<p class=\"elementor-icon-box-description\">Mittwoch\u00a0 \u00a0 \u00a0 \u00a0 \u00a0 \u00a0 \u00a0 18:00 &#8211; 20.00 Uhr\u00a0 \u00a0 \u00a0 \u00a0 \u00a0 \u00a0 \u00a0 \u00a0 \u00a0 \u00a0 \u00a0 \u00a0 \u00a0 \u00a0 \u00a0 ab 20:00 Uhr\u00a0 \u00a0 \u00a0 \u00a0 \u00a0 \u00a0 \u00a0<\/p>\n<p class=\"elementor-icon-box-description\">Freitag\u00a0 \u00a0 \u00a0 \u00a0 \u00a0 \u00a0 \u00a0 \u00a0 \u00a0 \u00a017:00 &#8211; 19.00 Uhr\u00a0 \u00a0 \u00a0 \u00a0 \u00a0 \u00a0 \u00a0 \u00a0 \u00a0 \u00a0 \u00a0 \u00a0 \u00a0 \u00a0 \u00a0 \u00a0 ab 19:00 Uhr\u00a0<\/p>\n<p class=\"elementor-icon-box-description\">Samstag Training nach Absprache\u00a0 \u00a0<\/p>\n<h3 class=\"elementor-icon-box-title\"><em>Erwachsene\/Hobbyspieler (freies Spiel)\u00a0 \u00a0<\/em><\/h3>\n<p class=\"elementor-icon-box-title\"><em>T<\/em>rainer: Adil Bhatti (Trainerassistentin: Angelie Bhatti)<\/p>\n<p class=\"elementor-icon-box-description\">Montag\u00a0 \u00a0 \u00a0 \u00a0 \u00a0 \u00a0 \u00a0 \u00a0 \u00a020:00 &#8211; 22:00 Uhr\u00a0 \u00a0 \u00a0 \u00a0 \u00a0<\/p>\n<p class=\"elementor-icon-box-description\">Mittwoch\u00a0 \u00a0 \u00a0 \u00a0 \u00a0 \u00a0 \u00a020:00 &#8211; 22.00 Uhr\u00a0 \u00a0 \u00a0 \u00a0<\/p>\n<p class=\"elementor-icon-box-description\">Samstag freies Spiel nach Absprache<\/p>\n<\/div>\n<\/div>\n<\/div>\n<\/div>\n<div class=\"elementor-element elementor-element-54196b38 elementor-position-left elementor-view-default elementor-vertical-align-top elementor-widget elementor-widget-icon-box\" data-id=\"54196b38\" data-element_type=\"icon-box.default\">\n<div class=\"elementor-widget-container\">\n<div class=\"elementor-icon-box-wrapper\">\n<div class=\"elementor-icon-box-icon\">\u00a0<\/div>\n<\/div>\n<\/div>\n<\/div>\n\n\n<figure class=\"wp-block-image size-large\"><img loading=\"lazy\" decoding=\"async\" width=\"1024\" height=\"442\" src=\"https:\/\/tsvraunheim.de\/wp-content\/uploads\/2020\/08\/Badmintonheader2-1024x442.jpg\" alt=\"\" class=\"wp-image-362\" srcset=\"https:\/\/tsvraunheim.de\/wp-content\/uploads\/2020\/08\/Badmintonheader2-1024x442.jpg 1024w, https:\/\/tsvraunheim.de\/wp-content\/uploads\/2020\/08\/Badmintonheader2-300x130.jpg 300w, https:\/\/tsvraunheim.de\/wp-content\/uploads\/2020\/08\/Badmintonheader2-768x332.jpg 768w, https:\/\/tsvraunheim.de\/wp-content\/uploads\/2020\/08\/Badmintonheader2-1536x663.jpg 1536w, https:\/\/tsvraunheim.de\/wp-content\/uploads\/2020\/08\/Badmintonheader2-2048x885.jpg 2048w\" sizes=\"auto, (max-width: 767px) 89vw, (max-width: 1000px) 54vw, (max-width: 1071px) 543px, 580px\" \/><\/figure>\n","protected":false},"excerpt":{"rendered":"<p>Unsere Badminton-Abteilung Die Badmintonabteilung des TSV Raunheim ist im Bezirk Wiesbaden angesiedelt. Schon seit \u00fcber 30 Jahren wird der Federballsport bei uns mit gro\u00dfer Begeisterung betrieben. Unsere Abteilung umfasst derzeit circa 100 Mitglieder und bietet sowohl gestandenen Mannschaftsspielern unter professioneller Anleitung, als auch Hobbyspielern von klein auf die M\u00f6glichkeit am Trainingsbetrieb teilzunehmen, um den Badmintonsport &hellip; <\/p>\n<p class=\"link-more\"><a href=\"https:\/\/tsvraunheim.de\/?page_id=82\" class=\"more-link\"><span class=\"screen-reader-text\">\u201eBadminton\u201c <\/span>weiterlesen<\/a><\/p>\n","protected":false},"author":1,"featured_media":0,"parent":0,"menu_order":0,"comment_status":"closed","ping_status":"closed","template":"","meta":{"footnotes":""},"class_list":["post-82","page","type-page","status-publish","hentry"],"_links":{"self":[{"href":"https:\/\/tsvraunheim.de\/index.php?rest_route=\/wp\/v2\/pages\/82","targetHints":{"allow":["GET"]}}],"collection":[{"href":"https:\/\/tsvraunheim.de\/index.php?rest_route=\/wp\/v2\/pages"}],"about":[{"href":"https:\/\/tsvraunheim.de\/index.php?rest_route=\/wp\/v2\/types\/page"}],"author":[{"embeddable":true,"href":"https:\/\/tsvraunheim.de\/index.php?rest_route=\/wp\/v2\/users\/1"}],"replies":[{"embeddable":true,"href":"https:\/\/tsvraunheim.de\/index.php?rest_route=%2Fwp%2Fv2%2Fcomments&post=82"}],"version-history":[{"count":19,"href":"https:\/\/tsvraunheim.de\/index.php?rest_route=\/wp\/v2\/pages\/82\/revisions"}],"predecessor-version":[{"id":1246,"href":"https:\/\/tsvraunheim.de\/index.php?rest_route=\/wp\/v2\/pages\/82\/revisions\/1246"}],"wp:attachment":[{"href":"https:\/\/tsvraunheim.de\/index.php?rest_route=%2Fwp%2Fv2%2Fmedia&parent=82"}],"curies":[{"name":"wp","href":"https:\/\/api.w.org\/{rel}","templated":true}]}}