{"id":184,"date":"2019-05-31T08:10:50","date_gmt":"2019-05-31T06:10:50","guid":{"rendered":"https:\/\/tsvraunheim.de\/?page_id=184"},"modified":"2024-03-16T18:58:22","modified_gmt":"2024-03-16T17:58:22","slug":"kurse","status":"publish","type":"page","link":"https:\/\/tsvraunheim.de\/?page_id=184","title":{"rendered":"Kurse"},"content":{"rendered":"\n<h2 class=\"wp-block-heading\">Fit- &amp; Fun Mix Kurs<\/h2>\n\n\n\n<p>Der Kurs ist wie der Name schon verr\u00e4t ein bunter Mix aus verschiedenen Trainingsprogrammen f\u00fcr Menschen die ihre Freude an Sport und Bewegung auf Musik ausleben und dabei ihr allgemeines gesundheitliches und k\u00f6rperliches Wohlbefinden stabilisieren und\/oder steigern m\u00f6chten.<\/p>\n\n\n\n<p>\u00a0Wir f\u00f6rdern unsere Ausdauerf\u00e4higkeit mittels eines Herz-Kreislauf-Trainings, welches meist aus einer (Dance-) Aerobic-Choreographie besteht. Unser Muskelsystem, unsere Kraft- und Koordinationsf\u00e4higkeit sowie Propriozeption st\u00e4rken wir \u00fcber ein funktionelles Fitnesskrafttraining mit und ohne Kleinger\u00e4te. Die Teilnehmer sollen lernen, die \u00dcbungen bewusst, gesundheitsf\u00f6rderlich und technisch korrekt auszuf\u00fchren. Sie bekommen viele Tipps und Tricks zum Thema Bewegung und Gesundheit, welche sie mit in den Alltag nehmen k\u00f6nnen.<\/p>\n\n\n\n<p>Erfreuliche Nebeneffekte des Kurses \u2013 nach Grunds\u00e4tzen des Gesundheits- und Pr\u00e4ventionssport \u2013 sind die Bew\u00e4ltigung k\u00f6rperlicher Beschwerden und Missbefinden (wie R\u00fcckenprobleme, Stressabbau, Kopfschmerz, Muskelverspannungen) sowie die Verminderung von Bluthochdruck, \u00dcbergewicht und muskul\u00e4ren Dysbalancen. <\/p>\n\n\n\n<p>Wir arbeiten nach dem Motto \u201eBewegen statt schonen\u201c: Jeder Teilnehmer trainiert nach seinen M\u00f6glichkeiten, seinem eigenen Leistungsniveau und eigenen Zielsetzungen. F\u00fcr jeden gibt es die passende \u00dcbung oder sie wird passend gemacht.  Bei den Aerobic- Choreos legen wir das ein oder andere Mal eine hei\u00dfe Sohle aufs Parkett und die HIIT-Workouts lassen uns richtig ins Schwitzen kommen.<\/p>\n\n\n\n<p>Ein Kurs besteht aus 10 aufeinanderfolgenden Einheiten. Teilnehmen kann jeder, der sich bewegen m\u00f6chte, dabei ist das Alter Nebensache.<\/p>\n\n\n\n<p>Es wird generell das ganze Jahr durchgehend trainiert \u2013 nur in den Sommerferien gibt es eine kurze Trainingspause (3-6 Wochen). Die Kurstermine werden zu Beginn eines Kurses von der Kursleiterin Birte Riecke bekannt gegeben. Trainiert wird dann mittwochs von 18.15 bis 19.30 Uhr in der Turnhalle der Pestalozzi Grundschule. <\/p>\n\n\n\n<p><strong>Allgemeine Kursinformationen:<\/strong><\/p>\n\n\n\n<p>Kurskosten:\u00a0\u00a0\u00a0\u00a0\u00a0\u00a0\u00a0\u00a0\u00a0\u00a0\u00a0\u00a0\u00a0\u00a0\u00a0\u00a0\u00a0\u00a0\u00a0\u00a0\u00a0\u00a0\u00a0\u00a0\u00a0\u00a0\u00a0 <\/p>\n\n\n\n<p>25 Euro f\u00fcr <strong>Mitglieder<\/strong> des TSV Raunheim<\/p>\n\n\n\n<p> 50 Euro f\u00fcr <strong>passive Mitglieder\/ Nichtmitglieder<\/strong><\/p>\n\n\n\n<p>Die Kurse beginnen in der Regel zweimal im Jahr. Gerne k\u00f6nnt Ihr an einem kostenlosen Probetraining teilnehmen. <em>Die Kurskosten sind im Voraus per \u00dcberweisung auf das TSV Vereinskonto unter Angabe des Kurses zu entrichten.<\/em> <\/p>\n\n\n\n<p>N\u00e4here Informationen :\u00a0\u00a0\u00a0\u00a0\u00a0\u00a0\u00a0\u00a0\u00a0\u00a0\u00a0\u00a0\u00a0\u00a0\u00a0\u00a0\u00a0\u00a0 <br>Telefonisch unter 06142-998765 (AB) oder per E-mail \u00a0<a href=\"mailto:buero@tsvraunheim.de\">buero@tsvraunheim.de <\/a><\/p>\n\n\n\n<p>Trainingszeiten:<\/p>\n\n\n\n<figure class=\"wp-block-table\"><table><tbody><tr><td>\n  Welche Gruppe?\n  <\/td><td>\n  Tag &amp; Uhrzeit\n  <\/td><td>\n  Ort\n  <\/td><\/tr><tr><td>\n  Fit- &amp; Fun Mix Kurs\n  <\/td><td>   mittwochs, 18:15 Uhr   <\/td><td>   Turnhalle  der Pestalozzi Grundschule   <\/td><\/tr><\/tbody><\/table><\/figure>\n","protected":false},"excerpt":{"rendered":"<p>Fit- &amp; Fun Mix Kurs Der Kurs ist wie der Name schon verr\u00e4t ein bunter Mix aus verschiedenen Trainingsprogrammen f\u00fcr Menschen die ihre Freude an Sport und Bewegung auf Musik ausleben und dabei ihr allgemeines gesundheitliches und k\u00f6rperliches Wohlbefinden stabilisieren und\/oder steigern m\u00f6chten. \u00a0Wir f\u00f6rdern unsere Ausdauerf\u00e4higkeit mittels eines Herz-Kreislauf-Trainings, welches meist aus einer (Dance-) &hellip; <\/p>\n<p class=\"link-more\"><a href=\"https:\/\/tsvraunheim.de\/?page_id=184\" class=\"more-link\"><span class=\"screen-reader-text\">\u201eKurse\u201c <\/span>weiterlesen<\/a><\/p>\n","protected":false},"author":1,"featured_media":0,"parent":0,"menu_order":0,"comment_status":"closed","ping_status":"closed","template":"","meta":{"footnotes":""},"class_list":["post-184","page","type-page","status-publish","hentry"],"_links":{"self":[{"href":"https:\/\/tsvraunheim.de\/index.php?rest_route=\/wp\/v2\/pages\/184","targetHints":{"allow":["GET"]}}],"collection":[{"href":"https:\/\/tsvraunheim.de\/index.php?rest_route=\/wp\/v2\/pages"}],"about":[{"href":"https:\/\/tsvraunheim.de\/index.php?rest_route=\/wp\/v2\/types\/page"}],"author":[{"embeddable":true,"href":"https:\/\/tsvraunheim.de\/index.php?rest_route=\/wp\/v2\/users\/1"}],"replies":[{"embeddable":true,"href":"https:\/\/tsvraunheim.de\/index.php?rest_route=%2Fwp%2Fv2%2Fcomments&post=184"}],"version-history":[{"count":9,"href":"https:\/\/tsvraunheim.de\/index.php?rest_route=\/wp\/v2\/pages\/184\/revisions"}],"predecessor-version":[{"id":966,"href":"https:\/\/tsvraunheim.de\/index.php?rest_route=\/wp\/v2\/pages\/184\/revisions\/966"}],"wp:attachment":[{"href":"https:\/\/tsvraunheim.de\/index.php?rest_route=%2Fwp%2Fv2%2Fmedia&parent=184"}],"curies":[{"name":"wp","href":"https:\/\/api.w.org\/{rel}","templated":true}]}}