{"id":14,"date":"2019-04-18T12:42:06","date_gmt":"2019-04-18T12:42:06","guid":{"rendered":"http:\/\/blog.tsvraunheim.de\/?page_id=14"},"modified":"2026-02-11T13:51:54","modified_gmt":"2026-02-11T12:51:54","slug":"impressum","status":"publish","type":"page","link":"https:\/\/tsvraunheim.de\/?page_id=14","title":{"rendered":"Impressum"},"content":{"rendered":"\n<h2 class=\"wp-block-heading\"> <br>Impressum<\/h2>\n\n\n\n<p><br> Angaben gem\u00e4\u00df \u00a7 5 TMG: <\/p>\n\n\n\n<p>Turn- und Sport- Verein 1882 e.V.<br> Mainzer Stra\u00dfe 53<br> 65479 Raunheim<\/p>\n\n\n\n<h2 class=\"wp-block-heading\">Vertreten durch:<\/h2>\n\n\n\n<p>den gesch\u00e4ftsf\u00fchrenden Vorstand<br> <br> 1. Vorsitzender Matthias D\u00f6hring<\/p>\n\n\n\n<p>2. Vorsitzender Bernd Wehling<\/p>\n\n\n\n<p>Finanzverwalter Peter G\u00f6ttmann<\/p>\n\n\n\n<p>Liegenschaftskoordinator Karsten Friedrich<\/p>\n\n\n\n<h2 class=\"wp-block-heading\">Kontakt:<\/h2>\n\n\n\n<p>Telefon: 06142 &#8211; 998765 (AB)<br> Telefax: 06142 &#8211; 161915<br> E-Mail: <a href=\"mailto:info@tsvraunheim.de\">info@tsvraunheim.de<\/a><\/p>\n\n\n\n<h2 class=\"wp-block-heading\">Registereintrag:<\/h2>\n\n\n\n<p>Eintragung im Vereinsregister. <br> Registergericht: Amtsgericht R\u00fcsselsheim <br> Registernummer: VR 127<\/p>\n\n\n\n<h2 class=\"wp-block-heading\">Umsatzsteuer:<\/h2>\n\n\n\n<p>Umsatzsteuer-Identifikationsnummer gem\u00e4\u00df \u00a727 a Umsatzsteuergesetz:<br>  DE 261 918 440 <\/p>\n\n\n\n<h2 class=\"wp-block-heading\">Verantwortlich f\u00fcr den Inhalt nach \u00a7 18 Abs. 2 MStV:<\/h2>\n\n\n\n<p>Vorstand TSV 1882 e. V. Raunheim<br>Mainzer Stra\u00dfe 53<br>65479 Raunheim<\/p>\n\n\n\n<h2 class=\"wp-block-heading\">Streitschlichtung<\/h2>\n\n\n\n<p>Wir sind nicht bereit oder verpflichtet, an Streitbeilegungsverfahren vor einer Verbraucherschlichtungsstelle teilzunehmen.<\/p>\n\n\n\n<h2 class=\"wp-block-heading\">Haftung f\u00fcr Inhalte<\/h2>\n\n\n\n<p>Als Diensteanbieter sind wir gem\u00e4\u00df \u00a7 7 Abs.1 TMG f\u00fcr eigene Inhalte \nauf diesen Seiten nach den allgemeinen Gesetzen verantwortlich. Nach \u00a7\u00a7 8\n bis 10 TMG sind wir als Diensteanbieter jedoch nicht verpflichtet, \n\u00fcbermittelte oder gespeicherte fremde Informationen zu \u00fcberwachen oder \nnach Umst\u00e4nden zu forschen, die auf eine rechtswidrige T\u00e4tigkeit \nhinweisen.<\/p>\n\n\n\n<p>Verpflichtungen zur Entfernung oder Sperrung der Nutzung von \nInformationen nach den allgemeinen Gesetzen bleiben hiervon unber\u00fchrt. \nEine diesbez\u00fcgliche Haftung ist jedoch erst ab dem Zeitpunkt der \nKenntnis einer konkreten Rechtsverletzung m\u00f6glich. Bei Bekanntwerden von\n entsprechenden Rechtsverletzungen werden wir diese Inhalte umgehend \nentfernen.<\/p>\n\n\n\n<h2 class=\"wp-block-heading\">Haftung f\u00fcr Links<\/h2>\n\n\n\n<p>Unser Angebot enth\u00e4lt Links zu externen Websites Dritter, auf deren \nInhalte wir keinen Einfluss haben. Deshalb k\u00f6nnen wir f\u00fcr diese fremden \nInhalte auch keine Gew\u00e4hr \u00fcbernehmen. F\u00fcr die Inhalte der verlinkten \nSeiten ist stets der jeweilige Anbieter oder Betreiber der Seiten \nverantwortlich. Die verlinkten Seiten wurden zum Zeitpunkt der \nVerlinkung auf m\u00f6gliche Rechtsverst\u00f6\u00dfe \u00fcberpr\u00fcft. Rechtswidrige Inhalte \nwaren zum Zeitpunkt der Verlinkung nicht erkennbar.<\/p>\n\n\n\n<p>Eine permanente inhaltliche Kontrolle der verlinkten Seiten ist \njedoch ohne konkrete Anhaltspunkte einer Rechtsverletzung nicht \nzumutbar. Bei Bekanntwerden von Rechtsverletzungen werden wir derartige \nLinks umgehend entfernen.<\/p>\n\n\n\n<h2 class=\"wp-block-heading\">Urheberrecht<\/h2>\n\n\n\n<p>Die durch die Seitenbetreiber erstellten Inhalte und Werke auf diesen\n Seiten unterliegen dem deutschen Urheberrecht. Die Vervielf\u00e4ltigung, \nBearbeitung, Verbreitung und jede Art der Verwertung au\u00dferhalb der \nGrenzen des Urheberrechtes bed\u00fcrfen der schriftlichen Zustimmung des \njeweiligen Autors bzw. Erstellers. Downloads und Kopien dieser Seite \nsind nur f\u00fcr den privaten, nicht kommerziellen Gebrauch gestattet.<\/p>\n\n\n\n<p>Soweit die Inhalte auf dieser Seite nicht vom Betreiber erstellt \nwurden, werden die Urheberrechte Dritter beachtet. Insbesondere werden \nInhalte Dritter als solche gekennzeichnet. Sollten Sie trotzdem auf eine\n Urheberrechtsverletzung aufmerksam werden, bitten wir um einen \nentsprechenden Hinweis. Bei Bekanntwerden von Rechtsverletzungen werden \nwir derartige Inhalte umgehend entfernen.<\/p>\n\n\n\n<h2 class=\"wp-block-heading\">Datenschutz<\/h2>\n\n\n\n<p>Die Nutzung unserer Webseite ist in der Regel ohne Angabe \npersonenbezogener Daten m\u00f6glich. Soweit auf unseren Seiten \npersonenbezogene Daten (beispielsweise Name, Anschrift oder \neMail-Adressen) erhoben werden, erfolgt dies, soweit m\u00f6glich, stets auf \nfreiwilliger Basis. Diese Daten werden ohne Ihre ausdr\u00fcckliche \nZustimmung nicht an Dritte weitergegeben. <br> Wir weisen darauf hin, \ndass die Daten\u00fcbertragung im Internet (z.B. bei der Kommunikation per \nE-Mail) Sicherheitsl\u00fccken aufweisen kann. Ein l\u00fcckenloser Schutz der \nDaten vor dem Zugriff durch Dritte ist nicht m\u00f6glich. <br> Der Nutzung \nvon im Rahmen der Impressumspflicht ver\u00f6ffentlichten Kontaktdaten durch \nDritte zur \u00dcbersendung von nicht ausdr\u00fccklich angeforderter Werbung und \nInformationsmaterialien wird hiermit ausdr\u00fccklich widersprochen. Die \nBetreiber der Seiten behalten sich ausdr\u00fccklich rechtliche Schritte im \nFalle der unverlangten Zusendung von Werbeinformationen, etwa durch \nSpam-Mails, vor.<\/p>\n\n\n\n<p>Quelle: <a href=\"https:\/\/www.erecht24.de\">https:\/\/www.e-recht24.de<\/a><\/p>\n","protected":false},"excerpt":{"rendered":"<p>Impressum Angaben gem\u00e4\u00df \u00a7 5 TMG: Turn- und Sport- Verein 1882 e.V. Mainzer Stra\u00dfe 53 65479 Raunheim Vertreten durch: den gesch\u00e4ftsf\u00fchrenden Vorstand 1. Vorsitzender Matthias D\u00f6hring 2. Vorsitzender Bernd Wehling Finanzverwalter Peter G\u00f6ttmann Liegenschaftskoordinator Karsten Friedrich Kontakt: Telefon: 06142 &#8211; 998765 (AB) Telefax: 06142 &#8211; 161915 E-Mail: info@tsvraunheim.de Registereintrag: Eintragung im Vereinsregister. Registergericht: Amtsgericht R\u00fcsselsheim &hellip; <\/p>\n<p class=\"link-more\"><a href=\"https:\/\/tsvraunheim.de\/?page_id=14\" class=\"more-link\"><span class=\"screen-reader-text\">\u201eImpressum\u201c <\/span>weiterlesen<\/a><\/p>\n","protected":false},"author":1,"featured_media":0,"parent":0,"menu_order":0,"comment_status":"closed","ping_status":"closed","template":"","meta":{"footnotes":""},"class_list":["post-14","page","type-page","status-publish","hentry"],"_links":{"self":[{"href":"https:\/\/tsvraunheim.de\/index.php?rest_route=\/wp\/v2\/pages\/14","targetHints":{"allow":["GET"]}}],"collection":[{"href":"https:\/\/tsvraunheim.de\/index.php?rest_route=\/wp\/v2\/pages"}],"about":[{"href":"https:\/\/tsvraunheim.de\/index.php?rest_route=\/wp\/v2\/types\/page"}],"author":[{"embeddable":true,"href":"https:\/\/tsvraunheim.de\/index.php?rest_route=\/wp\/v2\/users\/1"}],"replies":[{"embeddable":true,"href":"https:\/\/tsvraunheim.de\/index.php?rest_route=%2Fwp%2Fv2%2Fcomments&post=14"}],"version-history":[{"count":7,"href":"https:\/\/tsvraunheim.de\/index.php?rest_route=\/wp\/v2\/pages\/14\/revisions"}],"predecessor-version":[{"id":1252,"href":"https:\/\/tsvraunheim.de\/index.php?rest_route=\/wp\/v2\/pages\/14\/revisions\/1252"}],"wp:attachment":[{"href":"https:\/\/tsvraunheim.de\/index.php?rest_route=%2Fwp%2Fv2%2Fmedia&parent=14"}],"curies":[{"name":"wp","href":"https:\/\/api.w.org\/{rel}","templated":true}]}}