{"id":113,"date":"2019-04-18T19:30:53","date_gmt":"2019-04-18T19:30:53","guid":{"rendered":"http:\/\/blog.tsvraunheim.de\/?page_id=113"},"modified":"2026-02-11T13:50:32","modified_gmt":"2026-02-11T12:50:32","slug":"ueber-uns","status":"publish","type":"page","link":"https:\/\/tsvraunheim.de\/?page_id=113","title":{"rendered":"\u00dcber uns"},"content":{"rendered":"<table style=\"height: 1529px;\" border=\"0\" width=\"674\" cellspacing=\"0\" cellpadding=\"0\" align=\"center\">\n<tbody>\n<tr>\n<td colspan=\"2\" height=\"20%\">\u00a0<\/td>\n<\/tr>\n<tr>\n<td colspan=\"2\" height=\"75\">\u00a0<\/td>\n<\/tr>\n<tr>\n<td colspan=\"2\" height=\"116\">Der Turn- und Sportverein 1882 e. V. geh\u00f6rt mit seinen 10 Abteilungen zu den gr\u00f6\u00dften Sportvereinen in Raunheim.<br \/>Unser Vereinsgel\u00e4nde befindet sich in der Mainzer Stra\u00dfe 53. Hier ist unsere Vereinshalle. Au\u00dferdem befinden sich dort auch ein Bouleplatz und Tennispl\u00e4tze. In unserer gro\u00dfen Halle (Heinrich-Press-Halle), die auch f\u00fcr Veranstaltungen von bis zu 600 Personen von Mitgliedern und Nichtmitgliedern gemietet werden kann, finden unter anderem die \u00dcbungsstunden verschiedener Gymnastikgruppen, des CCR (Carneval-Club-Raunheim) und der Tanzsportabteilung statt.\n<p align=\"left\">Kontakt:\u00a0<a href=\"mailto:%62%75%65%72%6F%40tsvraunheim.de\" target=\"_blank\" rel=\"noopener\">buero@tsvraunheim.de<\/a>\u00a0oder 06142\/998765 (AB)<\/p>\n<p align=\"left\">Unsere Satzung finden Sie hier als\u00a0<a href=\"https:\/\/tsvraunheim.de\/wp-content\/uploads\/2023\/10\/Satzung-2021.pdf\" data-wplink-edit=\"true\">PDF<\/a> zum Download.<\/p>\n<div style=\"width: 525px;\" class=\"wp-video\"><video class=\"wp-video-shortcode\" id=\"video-113-1\" width=\"525\" height=\"295\" preload=\"metadata\" controls=\"controls\"><source type=\"video\/mp4\" src=\"https:\/\/tsvraunheim.de\/wp-content\/uploads\/2021\/08\/HPH-Welcome_x264_001-1.mp4?_=1\" \/><a href=\"https:\/\/tsvraunheim.de\/wp-content\/uploads\/2021\/08\/HPH-Welcome_x264_001-1.mp4\">https:\/\/tsvraunheim.de\/wp-content\/uploads\/2021\/08\/HPH-Welcome_x264_001-1.mp4<\/a><\/video><\/div>\n<p>Der TSV blickt inszwischen auf eine \u00fcber hundertdrei\u00dfigj\u00e4hrige Geschichte zur\u00fcck. In den folgenden beiden Videos sehen Sie Ausschnitte vom 75. Jubil\u00e4um des TSV im Jahre 1957<\/p>\n<p><iframe loading=\"lazy\" src=\"https:\/\/www.youtube.com\/embed\/OXr5XNjM1e0\" width=\"420\" height=\"315\" frameborder=\"0\" allowfullscreen=\"allowfullscreen\" data-mce-fragment=\"1\"><\/iframe> <iframe loading=\"lazy\" src=\"https:\/\/www.youtube.com\/embed\/3PEvPhzQ9VE?rel=0\" width=\"420\" height=\"315\" frameborder=\"0\" allowfullscreen=\"allowfullscreen\" data-mce-fragment=\"1\"><\/iframe><\/p>\n<\/td>\n<\/tr>\n<\/tbody>\n<\/table>\n\n\n<p><\/p>\n","protected":false},"excerpt":{"rendered":"<p>\u00a0 \u00a0 Der Turn- und Sportverein 1882 e. V. geh\u00f6rt mit seinen 10 Abteilungen zu den gr\u00f6\u00dften Sportvereinen in Raunheim.Unser Vereinsgel\u00e4nde befindet sich in der Mainzer Stra\u00dfe 53. Hier ist unsere Vereinshalle. Au\u00dferdem befinden sich dort auch ein Bouleplatz und Tennispl\u00e4tze. In unserer gro\u00dfen Halle (Heinrich-Press-Halle), die auch f\u00fcr Veranstaltungen von bis zu 600 Personen &hellip; <\/p>\n<p class=\"link-more\"><a href=\"https:\/\/tsvraunheim.de\/?page_id=113\" class=\"more-link\"><span class=\"screen-reader-text\">\u201e\u00dcber uns\u201c <\/span>weiterlesen<\/a><\/p>\n","protected":false},"author":1,"featured_media":0,"parent":0,"menu_order":0,"comment_status":"closed","ping_status":"closed","template":"","meta":{"footnotes":""},"class_list":["post-113","page","type-page","status-publish","hentry"],"_links":{"self":[{"href":"https:\/\/tsvraunheim.de\/index.php?rest_route=\/wp\/v2\/pages\/113","targetHints":{"allow":["GET"]}}],"collection":[{"href":"https:\/\/tsvraunheim.de\/index.php?rest_route=\/wp\/v2\/pages"}],"about":[{"href":"https:\/\/tsvraunheim.de\/index.php?rest_route=\/wp\/v2\/types\/page"}],"author":[{"embeddable":true,"href":"https:\/\/tsvraunheim.de\/index.php?rest_route=\/wp\/v2\/users\/1"}],"replies":[{"embeddable":true,"href":"https:\/\/tsvraunheim.de\/index.php?rest_route=%2Fwp%2Fv2%2Fcomments&post=113"}],"version-history":[{"count":8,"href":"https:\/\/tsvraunheim.de\/index.php?rest_route=\/wp\/v2\/pages\/113\/revisions"}],"predecessor-version":[{"id":1251,"href":"https:\/\/tsvraunheim.de\/index.php?rest_route=\/wp\/v2\/pages\/113\/revisions\/1251"}],"wp:attachment":[{"href":"https:\/\/tsvraunheim.de\/index.php?rest_route=%2Fwp%2Fv2%2Fmedia&parent=113"}],"curies":[{"name":"wp","href":"https:\/\/api.w.org\/{rel}","templated":true}]}}