{"id":106,"date":"2019-04-18T19:25:06","date_gmt":"2019-04-18T19:25:06","guid":{"rendered":"http:\/\/blog.tsvraunheim.de\/?page_id=106"},"modified":"2025-08-13T12:41:05","modified_gmt":"2025-08-13T10:41:05","slug":"vorstand","status":"publish","type":"page","link":"https:\/\/tsvraunheim.de\/?page_id=106","title":{"rendered":"Vorstand"},"content":{"rendered":"\n<h1 class=\"wp-block-heading\"><strong>Gesch\u00e4ftsf\u00fchrender Vorstand gem. \u00a7 26 BGB<\/strong><\/h1>\n\n\n\n<h2 class=\"wp-block-heading\">Erste\/r Vorsitzende\/r<\/h2>\n\n\n\n<p>Matthias D\u00f6hring<\/p>\n\n\n\n<p>Email: <a href=\"mailto:buero@tsvraunheim.de\">buero@tsvraunheim.de<\/a><\/p>\n\n\n\n<p><\/p>\n\n\n\n<h2 class=\"wp-block-heading\">Zweiter Vorsitzender<\/h2>\n\n\n\n<p>Bernd Wehling<\/p>\n\n\n\n<p>Email: <a href=\"mailto:postmaster@tsvraunheim.de\">postmaster@tsvraunheim.de<\/a><\/p>\n\n\n\n<p><\/p>\n\n\n\n<h2 class=\"wp-block-heading has-medium-font-size\">Finanzverwalter<\/h2>\n\n\n\n<p>Peter G\u00f6ttmann<\/p>\n\n\n\n<p><\/p>\n\n\n\n<h2 class=\"wp-block-heading has-medium-font-size\">Liegenschaftskoordinator<\/h2>\n\n\n\n<p>Karsten Friedrich<\/p>\n\n\n\n<p>Email: <a href=\"mailto:hph@tsvraunheim.de\">hph@tsvraunheim.de<\/a><\/p>\n\n\n\n<p><\/p>\n\n\n\n<p><\/p>\n\n\n\n<p class=\"has-medium-font-size\">Vorstandsmitglieder:<\/p>\n\n\n\n<p>Mitgliederverwalterin: Rita Tietz <\/p>\n\n\n\n<p>Sportkoordinator: Bernhard Friebe<\/p>\n\n\n\n<p>Medienbeauftragte: N.N.<\/p>\n\n\n\n<p>Schriftf\u00fchrerin: Sabine H\u00f6pfner<\/p>\n\n\n\n<p>Ebenfalls Vorstandsmitglieder sind alle Abteilungsleiter.<\/p>\n\n\n\n<p><\/p>\n\n\n\n<h2 class=\"wp-block-heading\">Kassenpr\u00fcfer<\/h2>\n\n\n\n<p>Gertrud Bender (bis 2026)<\/p>\n\n\n\n<p>Heiko Klee (bis 2027)<\/p>\n","protected":false},"excerpt":{"rendered":"<p>Gesch\u00e4ftsf\u00fchrender Vorstand gem. \u00a7 26 BGB Erste\/r Vorsitzende\/r Matthias D\u00f6hring Email: buero@tsvraunheim.de Zweiter Vorsitzender Bernd Wehling Email: postmaster@tsvraunheim.de Finanzverwalter Peter G\u00f6ttmann Liegenschaftskoordinator Karsten Friedrich Email: hph@tsvraunheim.de Vorstandsmitglieder: Mitgliederverwalterin: Rita Tietz Sportkoordinator: Bernhard Friebe Medienbeauftragte: N.N. Schriftf\u00fchrerin: Sabine H\u00f6pfner Ebenfalls Vorstandsmitglieder sind alle Abteilungsleiter. Kassenpr\u00fcfer Gertrud Bender (bis 2026) Heiko Klee (bis 2027)<\/p>\n","protected":false},"author":1,"featured_media":0,"parent":0,"menu_order":0,"comment_status":"closed","ping_status":"closed","template":"","meta":{"footnotes":""},"class_list":["post-106","page","type-page","status-publish","hentry"],"_links":{"self":[{"href":"https:\/\/tsvraunheim.de\/index.php?rest_route=\/wp\/v2\/pages\/106","targetHints":{"allow":["GET"]}}],"collection":[{"href":"https:\/\/tsvraunheim.de\/index.php?rest_route=\/wp\/v2\/pages"}],"about":[{"href":"https:\/\/tsvraunheim.de\/index.php?rest_route=\/wp\/v2\/types\/page"}],"author":[{"embeddable":true,"href":"https:\/\/tsvraunheim.de\/index.php?rest_route=\/wp\/v2\/users\/1"}],"replies":[{"embeddable":true,"href":"https:\/\/tsvraunheim.de\/index.php?rest_route=%2Fwp%2Fv2%2Fcomments&post=106"}],"version-history":[{"count":21,"href":"https:\/\/tsvraunheim.de\/index.php?rest_route=\/wp\/v2\/pages\/106\/revisions"}],"predecessor-version":[{"id":1173,"href":"https:\/\/tsvraunheim.de\/index.php?rest_route=\/wp\/v2\/pages\/106\/revisions\/1173"}],"wp:attachment":[{"href":"https:\/\/tsvraunheim.de\/index.php?rest_route=%2Fwp%2Fv2%2Fmedia&parent=106"}],"curies":[{"name":"wp","href":"https:\/\/api.w.org\/{rel}","templated":true}]}}