{"id":104,"date":"2019-04-18T19:21:22","date_gmt":"2019-04-18T19:21:22","guid":{"rendered":"http:\/\/blog.tsvraunheim.de\/?page_id=104"},"modified":"2025-07-14T08:49:29","modified_gmt":"2025-07-14T06:49:29","slug":"unser-buero","status":"publish","type":"page","link":"https:\/\/tsvraunheim.de\/?page_id=104","title":{"rendered":"Unser B\u00fcro"},"content":{"rendered":"<p style=\"text-align: center;\">\u00d6ffnungszeiten: <strong>Bitte beachten Sie die Ank\u00fcndigung der Termine auf unserer Startseite. Das B\u00fcro ist an den angek\u00fcndigten Tagen jeweils von 18:00 bis 19:30 Uhr ge\u00f6ffnet.<br \/>\n<\/strong><\/p>\n<div style=\"text-align: center;\">Turn- und Sport- Verein 1882 e.V.<\/div>\n<div style=\"text-align: center;\">Mainzer Stra\u00dfe 53<\/div>\n<div style=\"text-align: center;\"><\/div>\n<div style=\"text-align: center;\">65479 Raunheim<\/div>\n<p style=\"text-align: center;\">Telefon: 06142 &#8211; 998 765<\/p>\n<p style=\"text-align: center;\">Telefax: 06142 &#8211; 161 915<\/p>\n<p style=\"text-align: center;\">Email: <span id=\"cloak6534c8fd9939a9082a423851a71046a6\"><\/span><a href=\"mailto:buero@tsvraunheim.de\">buero@tsvraunheim.de<\/a><\/p>\n<p style=\"text-align: center;\"><a href=\"https:\/\/tsv.next-cloud.org\">TSV Cloud<\/a><\/p>\n","protected":false},"excerpt":{"rendered":"<p>\u00d6ffnungszeiten: Bitte beachten Sie die Ank\u00fcndigung der Termine auf unserer Startseite. Das B\u00fcro ist an den angek\u00fcndigten Tagen jeweils von 18:00 bis 19:30 Uhr ge\u00f6ffnet. Turn- und Sport- Verein 1882 e.V. Mainzer Stra\u00dfe 53 65479 Raunheim Telefon: 06142 &#8211; 998 765 Telefax: 06142 &#8211; 161 915 Email: buero@tsvraunheim.de TSV Cloud<\/p>\n","protected":false},"author":1,"featured_media":0,"parent":0,"menu_order":0,"comment_status":"closed","ping_status":"closed","template":"","meta":{"footnotes":""},"class_list":["post-104","page","type-page","status-publish","hentry"],"_links":{"self":[{"href":"https:\/\/tsvraunheim.de\/index.php?rest_route=\/wp\/v2\/pages\/104","targetHints":{"allow":["GET"]}}],"collection":[{"href":"https:\/\/tsvraunheim.de\/index.php?rest_route=\/wp\/v2\/pages"}],"about":[{"href":"https:\/\/tsvraunheim.de\/index.php?rest_route=\/wp\/v2\/types\/page"}],"author":[{"embeddable":true,"href":"https:\/\/tsvraunheim.de\/index.php?rest_route=\/wp\/v2\/users\/1"}],"replies":[{"embeddable":true,"href":"https:\/\/tsvraunheim.de\/index.php?rest_route=%2Fwp%2Fv2%2Fcomments&post=104"}],"version-history":[{"count":5,"href":"https:\/\/tsvraunheim.de\/index.php?rest_route=\/wp\/v2\/pages\/104\/revisions"}],"predecessor-version":[{"id":1168,"href":"https:\/\/tsvraunheim.de\/index.php?rest_route=\/wp\/v2\/pages\/104\/revisions\/1168"}],"wp:attachment":[{"href":"https:\/\/tsvraunheim.de\/index.php?rest_route=%2Fwp%2Fv2%2Fmedia&parent=104"}],"curies":[{"name":"wp","href":"https:\/\/api.w.org\/{rel}","templated":true}]}}